{"id":28,"date":"2023-09-20T16:04:53","date_gmt":"2023-09-20T14:04:53","guid":{"rendered":"https:\/\/guilmer.com\/?post_type=product&#038;p=28"},"modified":"2026-01-29T17:58:36","modified_gmt":"2026-01-29T16:58:36","slug":"bague-charlie","status":"publish","type":"product","link":"https:\/\/guilmer.com\/en\/product\/bague-charlie\/","title":{"rendered":"Charlie ring"},"content":{"rendered":"<p>The Charlie ring is composed of a brilliant pink spinel and a singular green kornerupine.<\/p>\r\n\r\n\r\n\r\n<p>Cette kornerupine souffre d&rsquo;une l\u00e9g\u00e8re trace d&rsquo;abrasion \u00e0 peine perceptible qui n&rsquo;alt\u00e8re qu&rsquo;\u00e0 tr\u00e8s grand peine sa beaut\u00e9, raison pour laquelle nous avons d\u00e9cid\u00e9 de l&rsquo;utiliser pour composer Charlie, moyennant une r\u00e9duction de 30% du prix.<\/p>\r\n\r\n\r\n\r\n<p>&nbsp;<\/p>","protected":false},"excerpt":{"rendered":"<p>Sterling silver, Madagascar kornerupine (1.88 cts), Burmese pink spinel (1.12 cts)<br \/>Weight: approx 12g<br \/>Size: 5.25<br \/>Inside diameter of the ring (cm): 1.57<\/p>\n<p>The size indicated is as accurate as possible. For greater precision, we indicate the inside diameter.\u00a0\u00a0<\/p>","protected":false},"featured_media":2144,"template":"","meta":{"_acf_changed":false,"site-sidebar-layout":"default","site-content-layout":"","ast-site-content-layout":"default","site-content-style":"default","site-sidebar-style":"default","ast-global-header-display":"","ast-banner-title-visibility":"","ast-main-header-display":"","ast-hfb-above-header-display":"","ast-hfb-below-header-display":"","ast-hfb-mobile-header-display":"","site-post-title":"","ast-breadcrumbs-content":"","ast-featured-img":"","footer-sml-layout":"","ast-disable-related-posts":"","theme-transparent-header-meta":"default","adv-header-id-meta":"","stick-header-meta":"","header-above-stick-meta":"","header-main-stick-meta":"","header-below-stick-meta":"","astra-migrate-meta-layouts":"set","ast-page-background-enabled":"default","ast-page-background-meta":{"desktop":{"background-color":"var(--ast-global-color-4)","background-image":"","background-repeat":"repeat","background-position":"center center","background-size":"auto","background-attachment":"scroll","background-type":"","background-media":"","overlay-type":"","overlay-color":"","overlay-opacity":"","overlay-gradient":""},"tablet":{"background-color":"","background-image":"","background-repeat":"repeat","background-position":"center center","background-size":"auto","background-attachment":"scroll","background-type":"","background-media":"","overlay-type":"","overlay-color":"","overlay-opacity":"","overlay-gradient":""},"mobile":{"background-color":"","background-image":"","background-repeat":"repeat","background-position":"center center","background-size":"auto","background-attachment":"scroll","background-type":"","background-media":"","overlay-type":"","overlay-color":"","overlay-opacity":"","overlay-gradient":""}},"ast-content-background-meta":{"desktop":{"background-color":"var(--ast-global-color-5)","background-image":"","background-repeat":"repeat","background-position":"center center","background-size":"auto","background-attachment":"scroll","background-type":"","background-media":"","overlay-type":"","overlay-color":"","overlay-opacity":"","overlay-gradient":""},"tablet":{"background-color":"var(--ast-global-color-5)","background-image":"","background-repeat":"repeat","background-position":"center center","background-size":"auto","background-attachment":"scroll","background-type":"","background-media":"","overlay-type":"","overlay-color":"","overlay-opacity":"","overlay-gradient":""},"mobile":{"background-color":"var(--ast-global-color-5)","background-image":"","background-repeat":"repeat","background-position":"center center","background-size":"auto","background-attachment":"scroll","background-type":"","background-media":"","overlay-type":"","overlay-color":"","overlay-opacity":"","overlay-gradient":""}}},"product_brand":[],"product_cat":[20],"product_tag":[],"class_list":{"0":"post-28","1":"product","2":"type-product","3":"status-publish","4":"has-post-thumbnail","6":"product_cat-bagues","7":"desktop-align-center","8":"tablet-align-center","9":"mobile-align-center","10":"ast-product-gallery-layout-first-image-large","11":"ast-magnify-disabled","12":"ast-product-tabs-layout-horizontal","14":"first","15":"instock","16":"sale","17":"sold-individually","18":"purchasable","19":"product-type-simple"},"acf":[],"_links":{"self":[{"href":"https:\/\/guilmer.com\/en\/wp-json\/wp\/v2\/product\/28","targetHints":{"allow":["GET"]}}],"collection":[{"href":"https:\/\/guilmer.com\/en\/wp-json\/wp\/v2\/product"}],"about":[{"href":"https:\/\/guilmer.com\/en\/wp-json\/wp\/v2\/types\/product"}],"wp:featuredmedia":[{"embeddable":true,"href":"https:\/\/guilmer.com\/en\/wp-json\/wp\/v2\/media\/2144"}],"wp:attachment":[{"href":"https:\/\/guilmer.com\/en\/wp-json\/wp\/v2\/media?parent=28"}],"wp:term":[{"taxonomy":"product_brand","embeddable":true,"href":"https:\/\/guilmer.com\/en\/wp-json\/wp\/v2\/product_brand?post=28"},{"taxonomy":"product_cat","embeddable":true,"href":"https:\/\/guilmer.com\/en\/wp-json\/wp\/v2\/product_cat?post=28"},{"taxonomy":"product_tag","embeddable":true,"href":"https:\/\/guilmer.com\/en\/wp-json\/wp\/v2\/product_tag?post=28"}],"curies":[{"name":"wp","href":"https:\/\/api.w.org\/{rel}","templated":true}]}}