{"id":2788,"date":"2025-06-09T23:32:23","date_gmt":"2025-06-09T21:32:23","guid":{"rendered":"https:\/\/guilmer.com\/?post_type=product&#038;p=2788"},"modified":"2026-04-19T23:44:35","modified_gmt":"2026-04-19T21:44:35","slug":"boucles-doreilles-lipstick","status":"publish","type":"product","link":"https:\/\/guilmer.com\/en\/product\/boucles-doreilles-lipstick\/","title":{"rendered":"Boucles d&rsquo;oreilles Lipstick"},"content":{"rendered":"<p>Cette paire de boucles d&rsquo;oreilles a \u00e9t\u00e9 con\u00e7ue comme un tableau. R\u00e9alis\u00e9 \u00e0 la peinture acrylique puis prot\u00e9g\u00e9e par un vernis anti-UV, suit, mais sous une forme r\u00e9solument pop, des traditions aussi diverses que les miniatures en nacre peintes d&rsquo;Iran ou de Mongolie ou les cam\u00e9es italiens qui \u00e9taient souvent rehauss\u00e9s de peinture ou dor\u00e9s ou encore l&rsquo;horlogerie de luxe suisse et fran\u00e7aise.<\/p>\n<p>Unique piece<\/p>","protected":false},"excerpt":{"rendered":"<p>Sterling silver, oval yellow mother-of-pearl and six Madagascar zircons (0.42 ct).<\/p>\n<p>Weight: approx. 14 g.<\/p>\n<p>Dimensions (in cm): L:2.3 l:0.4W: H:4<\/p>","protected":false},"featured_media":2964,"template":"","meta":{"_acf_changed":false,"site-sidebar-layout":"default","site-content-layout":"","ast-site-content-layout":"default","site-content-style":"default","site-sidebar-style":"default","ast-global-header-display":"","ast-banner-title-visibility":"","ast-main-header-display":"","ast-hfb-above-header-display":"","ast-hfb-below-header-display":"","ast-hfb-mobile-header-display":"","site-post-title":"","ast-breadcrumbs-content":"","ast-featured-img":"","footer-sml-layout":"","ast-disable-related-posts":"","theme-transparent-header-meta":"default","adv-header-id-meta":"","stick-header-meta":"","header-above-stick-meta":"","header-main-stick-meta":"","header-below-stick-meta":"","astra-migrate-meta-layouts":"set","ast-page-background-enabled":"default","ast-page-background-meta":{"desktop":{"background-color":"var(--ast-global-color-4)","background-image":"","background-repeat":"repeat","background-position":"center center","background-size":"auto","background-attachment":"scroll","background-type":"","background-media":"","overlay-type":"","overlay-color":"","overlay-opacity":"","overlay-gradient":""},"tablet":{"background-color":"","background-image":"","background-repeat":"repeat","background-position":"center center","background-size":"auto","background-attachment":"scroll","background-type":"","background-media":"","overlay-type":"","overlay-color":"","overlay-opacity":"","overlay-gradient":""},"mobile":{"background-color":"","background-image":"","background-repeat":"repeat","background-position":"center center","background-size":"auto","background-attachment":"scroll","background-type":"","background-media":"","overlay-type":"","overlay-color":"","overlay-opacity":"","overlay-gradient":""}},"ast-content-background-meta":{"desktop":{"background-color":"var(--ast-global-color-5)","background-image":"","background-repeat":"repeat","background-position":"center center","background-size":"auto","background-attachment":"scroll","background-type":"","background-media":"","overlay-type":"","overlay-color":"","overlay-opacity":"","overlay-gradient":""},"tablet":{"background-color":"var(--ast-global-color-5)","background-image":"","background-repeat":"repeat","background-position":"center center","background-size":"auto","background-attachment":"scroll","background-type":"","background-media":"","overlay-type":"","overlay-color":"","overlay-opacity":"","overlay-gradient":""},"mobile":{"background-color":"var(--ast-global-color-5)","background-image":"","background-repeat":"repeat","background-position":"center center","background-size":"auto","background-attachment":"scroll","background-type":"","background-media":"","overlay-type":"","overlay-color":"","overlay-opacity":"","overlay-gradient":""}}},"product_brand":[],"product_cat":[18],"product_tag":[],"class_list":{"0":"post-2788","1":"product","2":"type-product","3":"status-publish","4":"has-post-thumbnail","6":"product_cat-boucles-doreilles","7":"desktop-align-center","8":"tablet-align-center","9":"mobile-align-center","10":"ast-product-gallery-layout-first-image-large","11":"ast-magnify-disabled","12":"ast-product-tabs-layout-horizontal","14":"first","15":"instock","16":"taxable","17":"shipping-taxable","18":"purchasable","19":"product-type-simple"},"acf":[],"_links":{"self":[{"href":"https:\/\/guilmer.com\/en\/wp-json\/wp\/v2\/product\/2788","targetHints":{"allow":["GET"]}}],"collection":[{"href":"https:\/\/guilmer.com\/en\/wp-json\/wp\/v2\/product"}],"about":[{"href":"https:\/\/guilmer.com\/en\/wp-json\/wp\/v2\/types\/product"}],"wp:featuredmedia":[{"embeddable":true,"href":"https:\/\/guilmer.com\/en\/wp-json\/wp\/v2\/media\/2964"}],"wp:attachment":[{"href":"https:\/\/guilmer.com\/en\/wp-json\/wp\/v2\/media?parent=2788"}],"wp:term":[{"taxonomy":"product_brand","embeddable":true,"href":"https:\/\/guilmer.com\/en\/wp-json\/wp\/v2\/product_brand?post=2788"},{"taxonomy":"product_cat","embeddable":true,"href":"https:\/\/guilmer.com\/en\/wp-json\/wp\/v2\/product_cat?post=2788"},{"taxonomy":"product_tag","embeddable":true,"href":"https:\/\/guilmer.com\/en\/wp-json\/wp\/v2\/product_tag?post=2788"}],"curies":[{"name":"wp","href":"https:\/\/api.w.org\/{rel}","templated":true}]}}