{"id":2752,"date":"2025-06-07T00:30:46","date_gmt":"2025-06-06T22:30:46","guid":{"rendered":"https:\/\/guilmer.com\/?post_type=product&#038;p=2752"},"modified":"2026-04-15T22:57:37","modified_gmt":"2026-04-15T20:57:37","slug":"bague-oscar","status":"publish","type":"product","link":"https:\/\/guilmer.com\/en\/product\/bague-oscar\/","title":{"rendered":"Bague Oscar"},"content":{"rendered":"<p>Superbe opale rose taill\u00e9e \u00e0 la main entour\u00e9e de deux grenats framboises.<\/p>\n<p>Unique piece.<\/p>","protected":false},"excerpt":{"rendered":"<p>Sterling silver, pink opal, two rhodolite garnets (1.90 ct and 1.85 ct).<\/p>\n<p>Weight: approx. 25 g<\/p>\n<p>Size: 5.25<\/p>\n<p>Inside diameter of the ring (cm): 1.6<\/p>\n<p>The size indicated is as accurate as possible. For greater precision, we indicate the inside diameter.\u00a0\u00a0<\/p>","protected":false},"featured_media":2770,"template":"","meta":{"_acf_changed":false,"site-sidebar-layout":"default","site-content-layout":"","ast-site-content-layout":"default","site-content-style":"default","site-sidebar-style":"default","ast-global-header-display":"","ast-banner-title-visibility":"","ast-main-header-display":"","ast-hfb-above-header-display":"","ast-hfb-below-header-display":"","ast-hfb-mobile-header-display":"","site-post-title":"","ast-breadcrumbs-content":"","ast-featured-img":"","footer-sml-layout":"","ast-disable-related-posts":"","theme-transparent-header-meta":"default","adv-header-id-meta":"","stick-header-meta":"","header-above-stick-meta":"","header-main-stick-meta":"","header-below-stick-meta":"","astra-migrate-meta-layouts":"set","ast-page-background-enabled":"default","ast-page-background-meta":{"desktop":{"background-color":"var(--ast-global-color-4)","background-image":"","background-repeat":"repeat","background-position":"center center","background-size":"auto","background-attachment":"scroll","background-type":"","background-media":"","overlay-type":"","overlay-color":"","overlay-opacity":"","overlay-gradient":""},"tablet":{"background-color":"","background-image":"","background-repeat":"repeat","background-position":"center center","background-size":"auto","background-attachment":"scroll","background-type":"","background-media":"","overlay-type":"","overlay-color":"","overlay-opacity":"","overlay-gradient":""},"mobile":{"background-color":"","background-image":"","background-repeat":"repeat","background-position":"center center","background-size":"auto","background-attachment":"scroll","background-type":"","background-media":"","overlay-type":"","overlay-color":"","overlay-opacity":"","overlay-gradient":""}},"ast-content-background-meta":{"desktop":{"background-color":"var(--ast-global-color-5)","background-image":"","background-repeat":"repeat","background-position":"center center","background-size":"auto","background-attachment":"scroll","background-type":"","background-media":"","overlay-type":"","overlay-color":"","overlay-opacity":"","overlay-gradient":""},"tablet":{"background-color":"var(--ast-global-color-5)","background-image":"","background-repeat":"repeat","background-position":"center center","background-size":"auto","background-attachment":"scroll","background-type":"","background-media":"","overlay-type":"","overlay-color":"","overlay-opacity":"","overlay-gradient":""},"mobile":{"background-color":"var(--ast-global-color-5)","background-image":"","background-repeat":"repeat","background-position":"center center","background-size":"auto","background-attachment":"scroll","background-type":"","background-media":"","overlay-type":"","overlay-color":"","overlay-opacity":"","overlay-gradient":""}}},"product_brand":[],"product_cat":[20],"product_tag":[],"class_list":{"0":"post-2752","1":"product","2":"type-product","3":"status-publish","4":"has-post-thumbnail","6":"product_cat-bagues","7":"desktop-align-center","8":"tablet-align-center","9":"mobile-align-center","10":"ast-product-gallery-layout-first-image-large","11":"ast-magnify-disabled","12":"ast-product-tabs-layout-horizontal","14":"first","15":"instock","16":"taxable","17":"shipping-taxable","18":"purchasable","19":"product-type-simple"},"acf":[],"_links":{"self":[{"href":"https:\/\/guilmer.com\/en\/wp-json\/wp\/v2\/product\/2752","targetHints":{"allow":["GET"]}}],"collection":[{"href":"https:\/\/guilmer.com\/en\/wp-json\/wp\/v2\/product"}],"about":[{"href":"https:\/\/guilmer.com\/en\/wp-json\/wp\/v2\/types\/product"}],"wp:featuredmedia":[{"embeddable":true,"href":"https:\/\/guilmer.com\/en\/wp-json\/wp\/v2\/media\/2770"}],"wp:attachment":[{"href":"https:\/\/guilmer.com\/en\/wp-json\/wp\/v2\/media?parent=2752"}],"wp:term":[{"taxonomy":"product_brand","embeddable":true,"href":"https:\/\/guilmer.com\/en\/wp-json\/wp\/v2\/product_brand?post=2752"},{"taxonomy":"product_cat","embeddable":true,"href":"https:\/\/guilmer.com\/en\/wp-json\/wp\/v2\/product_cat?post=2752"},{"taxonomy":"product_tag","embeddable":true,"href":"https:\/\/guilmer.com\/en\/wp-json\/wp\/v2\/product_tag?post=2752"}],"curies":[{"name":"wp","href":"https:\/\/api.w.org\/{rel}","templated":true}]}}