{"id":2487,"date":"2024-02-06T16:30:13","date_gmt":"2024-02-06T15:30:13","guid":{"rendered":"https:\/\/guilmer.com\/?page_id=2487"},"modified":"2024-02-19T13:32:48","modified_gmt":"2024-02-19T12:32:48","slug":"politique-de-confidentialite","status":"publish","type":"page","link":"https:\/\/guilmer.com\/en\/politique-de-confidentialite\/","title":{"rendered":"Privacy policy"},"content":{"rendered":"<p>La pr\u00e9sente Politique de confidentialit\u00e9 d\u00e9crit la fa\u00e7on dont vos informations personnelles sont recueillies, utilis\u00e9es et partag\u00e9es lorsque vous vous rendez sur www.guilmer.com (le \u00ab Site \u00bb) ou que vous y effectuez un achat.<\/p>\n\n\n\n<p>Cette politique de confidentialit\u00e9 est conforme aux dispositions l\u00e9gales applicables \u00e0 la protection des donn\u00e9es \u00e0 caract\u00e8re personnel et notamment celles d\u00e9finies par la loi n\u00b078-17 du 6 janvier 1978, dite \u00ab Loi Informatique et Libert\u00e9s \u00bb et par le R\u00e8glement G\u00e9n\u00e9ral pour la Protection des Donn\u00e9es n\u00b02016\/679 (\u00ab RGPD \u00bb).<\/p>\n\n\n\n<h2 class=\"wp-block-heading\">Terminologie<\/h2>\n\n\n\n<p>Dans le cadre de la politique de confidentialit\u00e9, les termes ci-apr\u00e8s auront la signification suivante :<br><strong>\u00ab Client \u00bb <\/strong>: d\u00e9signe tout consommateur ayant accept\u00e9 les <strong><a href=\"https:\/\/guilmer.com\/en\/conditions-generales-de-vente\/\" data-type=\"link\" data-id=\"https:\/\/guilmer.com\/conditions-generales-de-vente\/\">Conditions G\u00e9n\u00e9rales de Vente<\/a><\/strong><br><strong>\u00ab Conditions G\u00e9n\u00e9rales de Vente \u00bb<\/strong> ou <strong>\u00ab CGV \u00bb<\/strong> : d\u00e9signe les conditions g\u00e9n\u00e9rales de vente du<br>Site, accessibles <a href=\"https:\/\/guilmer.com\/en\/conditions-generales-de-vente\/\">ici<\/a><br><strong>\u00ab Produits \u00bb<\/strong> : d\u00e9signe l\u2019ensemble des produits propos\u00e9s par la Soci\u00e9t\u00e9 \u00e0 la vente.<br><strong>\u00ab Site \u00bb<\/strong> : d\u00e9signe le site internet \u00e9dit\u00e9 par et accessible \u00e0 l\u2019adresse : https:\/\/guilmer.com<br><strong>\u00ab Utilisateur \u00bb<\/strong> : d\u00e9signe toute personne physique qui acc\u00e8de et navigue sur le Site.<br><\/p>\n\n\n\n<h2 class=\"wp-block-heading\">Fichiers journaux de serveur<\/h2>\n\n\n\n<p><br>Nous collectons automatiquement les pages consult\u00e9es lorsqu\u2019un Utilisateur visite notre site. En r\u00e8gle g\u00e9n\u00e9rale, ces \u00ab journaux de serveur \u00bb peuvent inclure sa requ\u00eate Web, son adresse IP, le type et la langue de son navigateur, la date et l\u2019heure de sa requ\u00eate ainsi qu\u2019un ou plusieurs cookies permettant d\u2019identifier son navigateur de fa\u00e7on unique.<\/p>\n\n\n\n<h2 class=\"wp-block-heading\">Utilisation des donn\u00e9es personnelles<\/h2>\n\n\n\n<ul class=\"wp-block-list\">\n<li>En r\u00e8gle g\u00e9n\u00e9rale, nous utilisons les informations personnelles concernant le Client pour valider sa commande (en particulier pour traiter ses informations de paiement, organiser l&rsquo;exp\u00e9dition de sa commande et lui fournir des factures et\/ou des confirmations de commande). Ces donn\u00e9es comprennent notamment son nom, pr\u00e9nom, adresse postale, date de naissance, num\u00e9ro de t\u00e9l\u00e9phone, adresse email &#8211; toute donn\u00e9e n\u00e9cessaire au respect de ses obligations par la Soci\u00e9t\u00e9 GUILMER. Le Client ne souhaitant pas fournir ces informations ne pourra pas commander sur le Site.<\/li>\n<\/ul>\n\n\n\n<p>Si l\u2019Utilisateur s\u2019enregistre sur notre site, alors nous stockerons \u00e9galement les donn\u00e9es personnelles<br>indiqu\u00e9es dans son profil.<\/p>\n\n\n\n<p>Ces donn\u00e9es sont conserv\u00e9es uniquement dans ce but de remplir nos obligations contractuelles \u00e0 l\u2019\u00e9gard du Client et\/ou de l\u2019Utilisateur ou de poursuivre nos int\u00e9r\u00eats commerciaux l\u00e9gitimes. La Soci\u00e9t\u00e9 GUILMER s\u2019engage \u00e0 ne pas les utiliser \u00e0 d\u2019autres fins, ni \u00e0 les transmettre \u00e0 des tiers, sans l\u2019accord expr\u00e8s de l\u2019Utilisateur et\/ou du Client en dehors des cas pr\u00e9vus par la loi ou r\u00e8glementations applicables.<\/p>\n\n\n\n<ul class=\"wp-block-list\">\n<li>Le responsable du traitement, except\u00e9 en ce qui concerne les donn\u00e9es relatives au paiement, est la Soci\u00e9t\u00e9 GUILMER dont les coordonn\u00e9es sont indiqu\u00e9es dans les <a href=\"https:\/\/guilmer.com\/en\/mentions-legales\/\" data-type=\"link\" data-id=\"https:\/\/guilmer.com\/mentions-legales\/\">Legal notice<\/a>. Les coordonn\u00e9es des Clients sont conserv\u00e9es pour une dur\u00e9e de 3 ans \u00e0 compter de la fin de la relation contractuelle. Ces donn\u00e9es sont conserv\u00e9es dans des conditions s\u00e9curis\u00e9es, selon les moyens actuels permis par la technologie, dans le respect des dispositions de la loi n78-17 du 6 janvier 1978 dite \u00ab Loi Informatique et Libert\u00e9s \u00bb et par le R\u00e8glement G\u00e9n\u00e9ral pour la Protection des Donn\u00e9es n\u00b02016\/679 (\u00ab RGPD \u00bb).<\/li>\n\n\n\n<li>L\u2019Utilsateur et\/ou le Client peut voir, modifier ou supprimer ses informations personnelles \u00e0 tout moment. Les gestionnaires du site peuvent aussi voir et modifier ces informations.<\/li>\n\n\n\n<li>La transmission d\u2019informations sur le Site s\u2019op\u00e8re dans un contexte s\u00e9curis\u00e9 utilisant les protocoles en vigueur sur Internet.<\/li>\n\n\n\n<li>Les coordonn\u00e9es bancaires ne sont pas conserv\u00e9es sur le Site mais sur le site s\u00e9curis\u00e9 de notre service bancaire. Nous utilisons \u00e9galement pour le paiement des solutions s\u00e9curis\u00e9es comme Stripe ou Paypal.<\/li>\n<\/ul>\n\n\n\n<h2 class=\"wp-block-heading\">Formulaires de contact<\/h2>\n\n\n\n<p>Les formulaires de contact sont directement envoy\u00e9s sur l\u2019adresse mail de la Soci\u00e9t\u00e9 GUILMER. Nous gardons vos coordonn\u00e9es pour nos \u00e9changes et \u00e9ventuellement l\u2019envoi d\u2019une newsletter.<\/p>\n\n\n\n<h2 class=\"wp-block-heading\">Cookies<\/h2>\n\n\n\n<p>Utilisation des cookies: Notre site Web utilise des \u00ab cookies \u00bb pour collecter des informations et<br>am\u00e9liorer notre service. Un cookie est un petit fichier contenant une cha\u00eene de caract\u00e8res, envoy\u00e9 \u00e0<br>\u00e0 l\u2019ordinateur de l\u2019Utilisateur lorsque ce dernier consulte un site Web. Lors d&rsquo;une consultation<br>ult\u00e9rieure, le cookie permet \u00e0 ce site de reconna\u00eetre le navigateur. Les cookies peuvent stocker les<br>pr\u00e9f\u00e9rences de l&rsquo;Utilisateur ainsi que d&rsquo;autres informations.<\/p>\n\n\n\n<ul class=\"wp-block-list\">\n<li>Garanties sur l\u2019emploi des cookies : Les cookies utilis\u00e9s par le Site ne contiennent pas d\u2019information personnelle permettant d\u2019identifier l\u2019Utilisateur mais s\u2019associent uniquement \u00e0 des Utilisateurs anonymes et \u00e0 leur ordinateur ; en l\u2019esp\u00e8ce, ils ne fournissent pas de r\u00e9f\u00e9rences permettant de d\u00e9duire leurs donn\u00e9es personnelles.<\/li>\n\n\n\n<li>L\u2019Utilisateur a la possibilit\u00e9 de configurer son navigateur pour accepter ou refuser les cookies sur son ordinateur. Toutefois, en refusant ou d\u00e9sactivant les cookies du Site, l\u2019Utilisateur court le risque de ne pas pouvoir acc\u00e9der \u00e0 certaines fonctionnalit\u00e9s.<\/li>\n<\/ul>\n\n\n\n<h2 class=\"wp-block-heading\">Liens vers d&rsquo;autres sites<\/h2>\n\n\n\n<p>Notre service peut contenir des liens vers d&rsquo;autres sites. En cliquant sur un lien tiers, l\u2019Utilisateur sera dirig\u00e9 vers ce site. La gestion de ces sites externes n\u2019\u00e9tant pas de notre responsabilit\u00e9, nous renvoyons l\u2019Utilisateur \u00e0 la politique de confidentialit\u00e9 de ces sites.<\/p>\n\n\n\n<h2 class=\"wp-block-heading\">Droits du Client<\/h2>\n\n\n\n<p><br>S\u2019il est r\u00e9sident europ\u00e9en, le Client dispose d\u2019un droit d\u2019acc\u00e8s, de rectification, et d\u2019opposition aux donn\u00e9es personnelles le concernant, conform\u00e9ment \u00e0 la loi informatique et libert\u00e9s du 6 janvier<\/p>\n\n\n\n<p>Pour cela il suffit de nous en faire la demande en ligne en nous indiquant ses noms, pr\u00e9noms, adresse et, si possible, sa r\u00e9f\u00e9rence client via le formulaire de la page <a href=\"https:\/\/guilmer.com\/en\/contact\/\" data-type=\"page\" data-id=\"1312\">Contact<\/a> ou l&rsquo;adresse disponible sur la page <a href=\"https:\/\/guilmer.com\/en\/mentions-legales\/\" data-type=\"page\" data-id=\"1470\">Legal notice<\/a>.<\/p>\n\n\n\n<h2 class=\"wp-block-heading\">S\u00e9curit\u00e9<\/h2>\n\n\n\n<p>La Soci\u00e9t\u00e9 GUILMER demeure tr\u00e8s attentive \u00e0 l&rsquo;utilisation et au partage des donn\u00e9es personnelles et elle s\u2019efforce de les traiter scrupuleusement. Mais la s\u00e9curit\u00e9 num\u00e9rique absolue n\u2019existe pas ; aucune m\u00e9thode de transmission sur Internet ou m\u00e9thode de stockage \u00e9lectronique n&rsquo;est s\u00fbre et fiable \u00e0 100 %.<br><\/p>\n\n\n\n<h2 class=\"wp-block-heading\">Changements<\/h2>\n\n\n\n<p>Nous pouvons \u00eatre amen\u00e9s \u00e0 modifier la pr\u00e9sente politique de confidentialit\u00e9 de temps \u00e0 autre afin d&rsquo;y refl\u00e9ter, par exemple, les changements apport\u00e9s \u00e0 nos pratiques ou pour d&rsquo;autres motifs op\u00e9rationnels, juridiques ou r\u00e9glementaires.<\/p>","protected":false},"excerpt":{"rendered":"<p>La pr\u00e9sente Politique de confidentialit\u00e9 d\u00e9crit la fa\u00e7on dont vos informations personnelles sont recueillies, utilis\u00e9es et partag\u00e9es lorsque vous vous rendez sur www.guilmer.com (le \u00ab Site \u00bb) ou que vous y effectuez un achat. Cette politique de confidentialit\u00e9 est conforme aux dispositions l\u00e9gales applicables \u00e0 la protection des donn\u00e9es \u00e0 caract\u00e8re personnel et notamment celles [&hellip;]<\/p>\n","protected":false},"author":2,"featured_media":0,"parent":0,"menu_order":0,"comment_status":"closed","ping_status":"closed","template":"","meta":{"_acf_changed":false,"site-sidebar-layout":"default","site-content-layout":"","ast-site-content-layout":"default","site-content-style":"default","site-sidebar-style":"default","ast-global-header-display":"","ast-banner-title-visibility":"","ast-main-header-display":"","ast-hfb-above-header-display":"","ast-hfb-below-header-display":"","ast-hfb-mobile-header-display":"","site-post-title":"","ast-breadcrumbs-content":"","ast-featured-img":"","footer-sml-layout":"","ast-disable-related-posts":"","theme-transparent-header-meta":"","adv-header-id-meta":"","stick-header-meta":"","header-above-stick-meta":"","header-main-stick-meta":"","header-below-stick-meta":"","astra-migrate-meta-layouts":"default","ast-page-background-enabled":"default","ast-page-background-meta":{"desktop":{"background-color":"var(--ast-global-color-4)","background-image":"","background-repeat":"repeat","background-position":"center center","background-size":"auto","background-attachment":"scroll","background-type":"","background-media":"","overlay-type":"","overlay-color":"","overlay-opacity":"","overlay-gradient":""},"tablet":{"background-color":"","background-image":"","background-repeat":"repeat","background-position":"center center","background-size":"auto","background-attachment":"scroll","background-type":"","background-media":"","overlay-type":"","overlay-color":"","overlay-opacity":"","overlay-gradient":""},"mobile":{"background-color":"","background-image":"","background-repeat":"repeat","background-position":"center center","background-size":"auto","background-attachment":"scroll","background-type":"","background-media":"","overlay-type":"","overlay-color":"","overlay-opacity":"","overlay-gradient":""}},"ast-content-background-meta":{"desktop":{"background-color":"var(--ast-global-color-5)","background-image":"","background-repeat":"repeat","background-position":"center center","background-size":"auto","background-attachment":"scroll","background-type":"","background-media":"","overlay-type":"","overlay-color":"","overlay-opacity":"","overlay-gradient":""},"tablet":{"background-color":"var(--ast-global-color-5)","background-image":"","background-repeat":"repeat","background-position":"center center","background-size":"auto","background-attachment":"scroll","background-type":"","background-media":"","overlay-type":"","overlay-color":"","overlay-opacity":"","overlay-gradient":""},"mobile":{"background-color":"var(--ast-global-color-5)","background-image":"","background-repeat":"repeat","background-position":"center center","background-size":"auto","background-attachment":"scroll","background-type":"","background-media":"","overlay-type":"","overlay-color":"","overlay-opacity":"","overlay-gradient":""}},"footnotes":""},"class_list":["post-2487","page","type-page","status-publish","hentry"],"acf":[],"_links":{"self":[{"href":"https:\/\/guilmer.com\/en\/wp-json\/wp\/v2\/pages\/2487","targetHints":{"allow":["GET"]}}],"collection":[{"href":"https:\/\/guilmer.com\/en\/wp-json\/wp\/v2\/pages"}],"about":[{"href":"https:\/\/guilmer.com\/en\/wp-json\/wp\/v2\/types\/page"}],"author":[{"embeddable":true,"href":"https:\/\/guilmer.com\/en\/wp-json\/wp\/v2\/users\/2"}],"replies":[{"embeddable":true,"href":"https:\/\/guilmer.com\/en\/wp-json\/wp\/v2\/comments?post=2487"}],"version-history":[{"count":4,"href":"https:\/\/guilmer.com\/en\/wp-json\/wp\/v2\/pages\/2487\/revisions"}],"predecessor-version":[{"id":2675,"href":"https:\/\/guilmer.com\/en\/wp-json\/wp\/v2\/pages\/2487\/revisions\/2675"}],"wp:attachment":[{"href":"https:\/\/guilmer.com\/en\/wp-json\/wp\/v2\/media?parent=2487"}],"curies":[{"name":"wp","href":"https:\/\/api.w.org\/{rel}","templated":true}]}}