{"id":1804,"date":"2023-10-05T15:39:32","date_gmt":"2023-10-05T13:39:32","guid":{"rendered":"https:\/\/guilmer.com\/?page_id=1804"},"modified":"2023-10-05T15:46:05","modified_gmt":"2023-10-05T13:46:05","slug":"expedition","status":"publish","type":"page","link":"https:\/\/guilmer.com\/en\/expedition\/","title":{"rendered":"Shipping"},"content":{"rendered":"<p><em>Costs of delivery for metropolitan France:<\/em><\/p>\n\n<ul>\n<li>La Poste\u00a0(Colissimo avec remise contre signature): 8 \u20ac<\/li>\n<\/ul>\n\n<ul>\n<li>Frais de port offert \u00e0 partir de 300 \u20ac d&rsquo;achat<\/li>\n<\/ul>\n\n<p><em>Tarifs de livraison dans les pays de l&rsquo;Union Europ\u00e9enne, la Norv\u00e8ge, le Royaume-Unis et la Suisse :<\/em><\/p>\n\n<ul>\n<li>Standard international : 12 \u20ac<\/li>\n<\/ul>\n\n<ul>\n<li>Frais de port offert \u00e0 partir de 400 \u20ac d&rsquo;achat<\/li>\n<li>Livraison par transporteur Fedex ou DHL<\/li>\n<\/ul>\n\n<p><em>Costs of delivery for the rest of the world:<\/em><\/p>\n\n<ul>\n<li>Standard international : 28 \u20ac<\/li>\n<li>Frais de port offert \u00e0 partir de 600 \u20ac d&rsquo;achat<\/li>\n<li>Livraison par transporteur Fedex ou DHL<\/li>\n<\/ul>\n\n<p>Les d\u00e9lais d&rsquo;exp\u00e9dition, toute zone confondue et pour un bijou disponible sont en moyenne de 14 jours (hors d\u00e9lai de livraison de nos partenaires)<\/p>","protected":false},"excerpt":{"rendered":"<p>Tarifs de livraison en France m\u00e9tropolitaine: La Poste\u00a0(Colissimo avec remise contre signature): 8 \u20ac Frais de port offert \u00e0 partir de 300 \u20ac d&rsquo;achat Tarifs de livraison dans les pays de l&rsquo;Union Europ\u00e9enne, la Norv\u00e8ge, le Royaume-Unis et la Suisse : Standard international : 12 \u20ac Frais de port offert \u00e0 partir de 400 \u20ac [&hellip;]<\/p>\n","protected":false},"author":1,"featured_media":0,"parent":0,"menu_order":0,"comment_status":"closed","ping_status":"closed","template":"","meta":{"_acf_changed":false,"site-sidebar-layout":"default","site-content-layout":"","ast-site-content-layout":"default","site-content-style":"default","site-sidebar-style":"default","ast-global-header-display":"","ast-banner-title-visibility":"","ast-main-header-display":"","ast-hfb-above-header-display":"","ast-hfb-below-header-display":"","ast-hfb-mobile-header-display":"","site-post-title":"","ast-breadcrumbs-content":"","ast-featured-img":"","footer-sml-layout":"","ast-disable-related-posts":"","theme-transparent-header-meta":"","adv-header-id-meta":"","stick-header-meta":"","header-above-stick-meta":"","header-main-stick-meta":"","header-below-stick-meta":"","astra-migrate-meta-layouts":"default","ast-page-background-enabled":"default","ast-page-background-meta":{"desktop":{"background-color":"var(--ast-global-color-4)","background-image":"","background-repeat":"repeat","background-position":"center center","background-size":"auto","background-attachment":"scroll","background-type":"","background-media":"","overlay-type":"","overlay-color":"","overlay-opacity":"","overlay-gradient":""},"tablet":{"background-color":"","background-image":"","background-repeat":"repeat","background-position":"center center","background-size":"auto","background-attachment":"scroll","background-type":"","background-media":"","overlay-type":"","overlay-color":"","overlay-opacity":"","overlay-gradient":""},"mobile":{"background-color":"","background-image":"","background-repeat":"repeat","background-position":"center center","background-size":"auto","background-attachment":"scroll","background-type":"","background-media":"","overlay-type":"","overlay-color":"","overlay-opacity":"","overlay-gradient":""}},"ast-content-background-meta":{"desktop":{"background-color":"var(--ast-global-color-5)","background-image":"","background-repeat":"repeat","background-position":"center center","background-size":"auto","background-attachment":"scroll","background-type":"","background-media":"","overlay-type":"","overlay-color":"","overlay-opacity":"","overlay-gradient":""},"tablet":{"background-color":"var(--ast-global-color-5)","background-image":"","background-repeat":"repeat","background-position":"center center","background-size":"auto","background-attachment":"scroll","background-type":"","background-media":"","overlay-type":"","overlay-color":"","overlay-opacity":"","overlay-gradient":""},"mobile":{"background-color":"var(--ast-global-color-5)","background-image":"","background-repeat":"repeat","background-position":"center center","background-size":"auto","background-attachment":"scroll","background-type":"","background-media":"","overlay-type":"","overlay-color":"","overlay-opacity":"","overlay-gradient":""}},"footnotes":""},"class_list":["post-1804","page","type-page","status-publish","hentry"],"acf":[],"_links":{"self":[{"href":"https:\/\/guilmer.com\/en\/wp-json\/wp\/v2\/pages\/1804","targetHints":{"allow":["GET"]}}],"collection":[{"href":"https:\/\/guilmer.com\/en\/wp-json\/wp\/v2\/pages"}],"about":[{"href":"https:\/\/guilmer.com\/en\/wp-json\/wp\/v2\/types\/page"}],"author":[{"embeddable":true,"href":"https:\/\/guilmer.com\/en\/wp-json\/wp\/v2\/users\/1"}],"replies":[{"embeddable":true,"href":"https:\/\/guilmer.com\/en\/wp-json\/wp\/v2\/comments?post=1804"}],"version-history":[{"count":10,"href":"https:\/\/guilmer.com\/en\/wp-json\/wp\/v2\/pages\/1804\/revisions"}],"predecessor-version":[{"id":1815,"href":"https:\/\/guilmer.com\/en\/wp-json\/wp\/v2\/pages\/1804\/revisions\/1815"}],"wp:attachment":[{"href":"https:\/\/guilmer.com\/en\/wp-json\/wp\/v2\/media?parent=1804"}],"curies":[{"name":"wp","href":"https:\/\/api.w.org\/{rel}","templated":true}]}}