{"id":1470,"date":"2023-09-28T13:37:33","date_gmt":"2023-09-28T11:37:33","guid":{"rendered":"https:\/\/guilmer.com\/?page_id=1470"},"modified":"2026-04-08T00:50:17","modified_gmt":"2026-04-07T22:50:17","slug":"mentions-legales","status":"publish","type":"page","link":"https:\/\/guilmer.com\/en\/mentions-legales\/","title":{"rendered":"Legal notice"},"content":{"rendered":"<p>Le site internet de la marque GUILMER est \u00e9dit\u00e9 par :<\/p>\n<p>GUILMER<br \/>\nT\u00e9l\u00e9phone: 06.62.01.61.99<br \/>\nEmail: contact@guilmer.com<\/p>\n<p>Identifiant SIRET: 949 596 647 00014<\/p>\n<p>Ce site web est g\u00e9n\u00e9r\u00e9 par WordPress<br \/>\nD\u00e9veloppement : Marion Pouliquen<\/p>","protected":false},"excerpt":{"rendered":"<p>Le site internet de la marque GUILMER est \u00e9dit\u00e9 par : GUILMER T\u00e9l\u00e9phone: 06.62.01.61.99 Email: contact@guilmer.com Identifiant SIRET: 949 596 647 00014 Ce site web est g\u00e9n\u00e9r\u00e9 par WordPress D\u00e9veloppement : Marion Pouliquen<\/p>","protected":false},"author":1,"featured_media":0,"parent":0,"menu_order":0,"comment_status":"closed","ping_status":"closed","template":"","meta":{"_acf_changed":false,"site-sidebar-layout":"default","site-content-layout":"","ast-site-content-layout":"default","site-content-style":"default","site-sidebar-style":"default","ast-global-header-display":"","ast-banner-title-visibility":"","ast-main-header-display":"","ast-hfb-above-header-display":"","ast-hfb-below-header-display":"","ast-hfb-mobile-header-display":"","site-post-title":"","ast-breadcrumbs-content":"","ast-featured-img":"","footer-sml-layout":"","ast-disable-related-posts":"","theme-transparent-header-meta":"","adv-header-id-meta":"","stick-header-meta":"","header-above-stick-meta":"","header-main-stick-meta":"","header-below-stick-meta":"","astra-migrate-meta-layouts":"default","ast-page-background-enabled":"default","ast-page-background-meta":{"desktop":{"background-color":"var(--ast-global-color-4)","background-image":"","background-repeat":"repeat","background-position":"center center","background-size":"auto","background-attachment":"scroll","background-type":"","background-media":"","overlay-type":"","overlay-color":"","overlay-opacity":"","overlay-gradient":""},"tablet":{"background-color":"","background-image":"","background-repeat":"repeat","background-position":"center center","background-size":"auto","background-attachment":"scroll","background-type":"","background-media":"","overlay-type":"","overlay-color":"","overlay-opacity":"","overlay-gradient":""},"mobile":{"background-color":"","background-image":"","background-repeat":"repeat","background-position":"center center","background-size":"auto","background-attachment":"scroll","background-type":"","background-media":"","overlay-type":"","overlay-color":"","overlay-opacity":"","overlay-gradient":""}},"ast-content-background-meta":{"desktop":{"background-color":"var(--ast-global-color-5)","background-image":"","background-repeat":"repeat","background-position":"center center","background-size":"auto","background-attachment":"scroll","background-type":"","background-media":"","overlay-type":"","overlay-color":"","overlay-opacity":"","overlay-gradient":""},"tablet":{"background-color":"var(--ast-global-color-5)","background-image":"","background-repeat":"repeat","background-position":"center center","background-size":"auto","background-attachment":"scroll","background-type":"","background-media":"","overlay-type":"","overlay-color":"","overlay-opacity":"","overlay-gradient":""},"mobile":{"background-color":"var(--ast-global-color-5)","background-image":"","background-repeat":"repeat","background-position":"center center","background-size":"auto","background-attachment":"scroll","background-type":"","background-media":"","overlay-type":"","overlay-color":"","overlay-opacity":"","overlay-gradient":""}},"footnotes":""},"class_list":["post-1470","page","type-page","status-publish","hentry"],"acf":[],"_links":{"self":[{"href":"https:\/\/guilmer.com\/en\/wp-json\/wp\/v2\/pages\/1470","targetHints":{"allow":["GET"]}}],"collection":[{"href":"https:\/\/guilmer.com\/en\/wp-json\/wp\/v2\/pages"}],"about":[{"href":"https:\/\/guilmer.com\/en\/wp-json\/wp\/v2\/types\/page"}],"author":[{"embeddable":true,"href":"https:\/\/guilmer.com\/en\/wp-json\/wp\/v2\/users\/1"}],"replies":[{"embeddable":true,"href":"https:\/\/guilmer.com\/en\/wp-json\/wp\/v2\/comments?post=1470"}],"version-history":[{"count":10,"href":"https:\/\/guilmer.com\/en\/wp-json\/wp\/v2\/pages\/1470\/revisions"}],"predecessor-version":[{"id":2914,"href":"https:\/\/guilmer.com\/en\/wp-json\/wp\/v2\/pages\/1470\/revisions\/2914"}],"wp:attachment":[{"href":"https:\/\/guilmer.com\/en\/wp-json\/wp\/v2\/media?parent=1470"}],"curies":[{"name":"wp","href":"https:\/\/api.w.org\/{rel}","templated":true}]}}