{"id":1314,"date":"2023-09-24T15:03:48","date_gmt":"2023-09-24T13:03:48","guid":{"rendered":"https:\/\/guilmer.com\/?page_id=1314"},"modified":"2023-10-02T01:29:04","modified_gmt":"2023-10-01T23:29:04","slug":"guide-des-tailles","status":"publish","type":"page","link":"https:\/\/guilmer.com\/en\/guide-des-tailles\/","title":{"rendered":"Size guide"},"content":{"rendered":"<p>Pour ne pas vous tromper en choisissant votre taille de bague, vous avez 2 solutions\u00a0:<\/p>\n<ul>\n<li style=\"text-align: justify; text-justify: inter-ideograph;\">Munissez-vous d\u2019un m\u00e8tre ruban souple de couturi\u00e8re ou \u00e0 d\u00e9faut, d\u2019une ficelle ou d\u2019un morceau de papier et d\u2019une r\u00e8gle. Faite le tour de votre doigt, au niveau de la partie la plus large, et notez son diam\u00e8tre. Si vous utilisez une ficelle ou une feuille de papier, marquez l\u2019intersection au stylo et reportez la longueur sur votre r\u00e8gle.<\/li>\n<\/ul>\n<p>Le tableau ci-dessous vous donnera la correspondance:<\/p>\n<p><style>@font-face<br \/>\t{font-family:Cambria;<br \/>\tpanose-1:0 0 0 0 0 0 0 0 0 0;<br \/>\tmso-font-alt:\"Times New Roman\";<br \/>\tmso-font-charset:77;<br \/>\tmso-generic-font-family:roman;<br \/>\tmso-font-format:other;<br \/>\tmso-font-pitch:auto;<br \/>\tmso-font-signature:3 0 0 0 1 0;}p.MsoNormal, li.MsoNormal, div.MsoNormal<br \/>\t{mso-style-parent:\"\";<br \/>\tmargin:0cm;<br \/>\tmargin-bottom:.0001pt;<br \/>\tmso-pagination:widow-orphan;<br \/>\tfont-size:12.0pt;<br \/>\tfont-family:\"Times New Roman\";<br \/>\tmso-ascii-font-family:Cambria;<br \/>\tmso-ascii-theme-font:minor-latin;<br \/>\tmso-fareast-font-family:\"Times New Roman\";<br \/>\tmso-fareast-theme-font:minor-fareast;<br \/>\tmso-hansi-font-family:Cambria;<br \/>\tmso-hansi-theme-font:minor-latin;<br \/>\tmso-bidi-font-family:\"Times New Roman\";<br \/>\tmso-bidi-theme-font:minor-bidi;}div.Section1<br \/>\t{page:Section1;}<\/style>\n<\/p>\n<style>\/*! elementor - v3.16.0 - 20-09-2023 *\/\n.elementor-widget-image{text-align:center}.elementor-widget-image a{display:inline-block}.elementor-widget-image a img[src$=\".svg\"]{width:48px}.elementor-widget-image img{vertical-align:middle;display:inline-block}<\/style>\n<p>\t\t\t\t\t\t\t\t\t\t\t\t<img decoding=\"async\" width=\"1784\" height=\"562\" src=\"http:\/\/guilmer.com\/wp-content\/uploads\/2023\/09\/Tour-de-doigt.jpg\" alt=\"\" loading=\"lazy\" srcset=\"https:\/\/guilmer.com\/wp-content\/uploads\/2023\/09\/Tour-de-doigt.jpg 1784w, https:\/\/guilmer.com\/wp-content\/uploads\/2023\/09\/Tour-de-doigt-300x95.jpg 300w, https:\/\/guilmer.com\/wp-content\/uploads\/2023\/09\/Tour-de-doigt-1024x323.jpg 1024w, https:\/\/guilmer.com\/wp-content\/uploads\/2023\/09\/Tour-de-doigt-768x242.jpg 768w, https:\/\/guilmer.com\/wp-content\/uploads\/2023\/09\/Tour-de-doigt-1536x484.jpg 1536w, https:\/\/guilmer.com\/wp-content\/uploads\/2023\/09\/Tour-de-doigt-504x159.jpg 504w\" sizes=\"auto, (max-width: 1784px) 100vw, 1784px\" title=\"\">\t\t\t\t\t\t\t\t\t\t\t\t\t\t\t<\/p>\n<ul>\n<li>Vous pouvez \u00e9galement mesurer le diam\u00e8tre int\u00e9rieur d\u2019une de vos bagues \u00e0 l\u2019aide d\u2019une r\u00e8gle en faisant bien attention \u00e0 \u00eatre au milieu du cercle.<\/li>\n<\/ul>\n<p>D\u00e8s que vous avez le diam\u00e8tre, utilisez la m\u00e9thode de calcul suivante: diam\u00e8tre de votre bague x 3.14 = tour de doigt<\/p>\n<p>Ou bien reportez-vous au tableau ci-dessous:<\/p>\n<p>\u00a0<br \/>\n\t\t\t\t\t\t\t\t\t\t\t\t\t\t\t<img decoding=\"async\" width=\"678\" height=\"608\" src=\"http:\/\/guilmer.com\/wp-content\/uploads\/2023\/09\/Bagier.jpg\" alt=\"\" loading=\"lazy\" srcset=\"https:\/\/guilmer.com\/wp-content\/uploads\/2023\/09\/Bagier.jpg 678w, https:\/\/guilmer.com\/wp-content\/uploads\/2023\/09\/Bagier-300x269.jpg 300w, https:\/\/guilmer.com\/wp-content\/uploads\/2023\/09\/Bagier-504x452.jpg 504w\" sizes=\"auto, (max-width: 678px) 100vw, 678px\" title=\"\"><\/p>\n","protected":false},"excerpt":{"rendered":"<p>Pour ne pas vous tromper en choisissant votre taille de bague, vous avez 2 solutions\u00a0: Munissez-vous d\u2019un m\u00e8tre ruban souple de couturi\u00e8re ou \u00e0 d\u00e9faut, d\u2019une ficelle ou d\u2019un morceau de papier et d\u2019une r\u00e8gle. Faite le tour de votre doigt, au niveau de la partie la plus large, et notez son diam\u00e8tre. Si vous [&hellip;]<\/p>\n","protected":false},"author":1,"featured_media":0,"parent":0,"menu_order":0,"comment_status":"closed","ping_status":"closed","template":"","meta":{"_acf_changed":false,"site-sidebar-layout":"default","site-content-layout":"","ast-site-content-layout":"default","site-content-style":"default","site-sidebar-style":"default","ast-global-header-display":"","ast-banner-title-visibility":"","ast-main-header-display":"","ast-hfb-above-header-display":"","ast-hfb-below-header-display":"","ast-hfb-mobile-header-display":"","site-post-title":"","ast-breadcrumbs-content":"","ast-featured-img":"","footer-sml-layout":"","ast-disable-related-posts":"","theme-transparent-header-meta":"","adv-header-id-meta":"","stick-header-meta":"","header-above-stick-meta":"","header-main-stick-meta":"","header-below-stick-meta":"","astra-migrate-meta-layouts":"default","ast-page-background-enabled":"default","ast-page-background-meta":{"desktop":{"background-color":"var(--ast-global-color-4)","background-image":"","background-repeat":"repeat","background-position":"center center","background-size":"auto","background-attachment":"scroll","background-type":"","background-media":"","overlay-type":"","overlay-color":"","overlay-opacity":"","overlay-gradient":""},"tablet":{"background-color":"","background-image":"","background-repeat":"repeat","background-position":"center center","background-size":"auto","background-attachment":"scroll","background-type":"","background-media":"","overlay-type":"","overlay-color":"","overlay-opacity":"","overlay-gradient":""},"mobile":{"background-color":"","background-image":"","background-repeat":"repeat","background-position":"center center","background-size":"auto","background-attachment":"scroll","background-type":"","background-media":"","overlay-type":"","overlay-color":"","overlay-opacity":"","overlay-gradient":""}},"ast-content-background-meta":{"desktop":{"background-color":"var(--ast-global-color-5)","background-image":"","background-repeat":"repeat","background-position":"center center","background-size":"auto","background-attachment":"scroll","background-type":"","background-media":"","overlay-type":"","overlay-color":"","overlay-opacity":"","overlay-gradient":""},"tablet":{"background-color":"var(--ast-global-color-5)","background-image":"","background-repeat":"repeat","background-position":"center center","background-size":"auto","background-attachment":"scroll","background-type":"","background-media":"","overlay-type":"","overlay-color":"","overlay-opacity":"","overlay-gradient":""},"mobile":{"background-color":"var(--ast-global-color-5)","background-image":"","background-repeat":"repeat","background-position":"center center","background-size":"auto","background-attachment":"scroll","background-type":"","background-media":"","overlay-type":"","overlay-color":"","overlay-opacity":"","overlay-gradient":""}},"footnotes":""},"class_list":["post-1314","page","type-page","status-publish","hentry"],"acf":[],"_links":{"self":[{"href":"https:\/\/guilmer.com\/en\/wp-json\/wp\/v2\/pages\/1314","targetHints":{"allow":["GET"]}}],"collection":[{"href":"https:\/\/guilmer.com\/en\/wp-json\/wp\/v2\/pages"}],"about":[{"href":"https:\/\/guilmer.com\/en\/wp-json\/wp\/v2\/types\/page"}],"author":[{"embeddable":true,"href":"https:\/\/guilmer.com\/en\/wp-json\/wp\/v2\/users\/1"}],"replies":[{"embeddable":true,"href":"https:\/\/guilmer.com\/en\/wp-json\/wp\/v2\/comments?post=1314"}],"version-history":[{"count":25,"href":"https:\/\/guilmer.com\/en\/wp-json\/wp\/v2\/pages\/1314\/revisions"}],"predecessor-version":[{"id":1579,"href":"https:\/\/guilmer.com\/en\/wp-json\/wp\/v2\/pages\/1314\/revisions\/1579"}],"wp:attachment":[{"href":"https:\/\/guilmer.com\/en\/wp-json\/wp\/v2\/media?parent=1314"}],"curies":[{"name":"wp","href":"https:\/\/api.w.org\/{rel}","templated":true}]}}