{"id":1310,"date":"2023-09-24T15:00:51","date_gmt":"2023-09-24T13:00:51","guid":{"rendered":"https:\/\/guilmer.com\/?page_id=1310"},"modified":"2026-01-29T20:55:46","modified_gmt":"2026-01-29T19:55:46","slug":"a-propos","status":"publish","type":"page","link":"https:\/\/guilmer.com\/en\/a-propos\/","title":{"rendered":"About"},"content":{"rendered":"\n<div class=\"wp-block-columns is-layout-flex wp-container-core-columns-is-layout-28f84493 wp-block-columns-is-layout-flex\">\n<div class=\"wp-block-column is-layout-flow wp-block-column-is-layout-flow\" style=\"flex-basis:25%\">\n<figure class=\"wp-block-image alignfull\"><img decoding=\"async\" src=\"http:\/\/guilmer.com\/wp-content\/uploads\/2023\/10\/42.jpg\" alt=\"\" title=\"\"><\/figure>\n<\/div>\n\n\n\n<div class=\"wp-block-column is-layout-flow wp-block-column-is-layout-flow\" style=\"flex-basis:66.66%\">\n<p>Mes bijoux sont fabriqu\u00e9s \u00e0 la main de fa\u00e7on traditionnelle. La plupart sont des pi\u00e8ces uniques. Ce sont des bijoux-objets aux forts volumes, des pi\u00e8ces sculpturales alliant la mati\u00e8re g\u00e9n\u00e9reuse de l&rsquo;argent et l&rsquo;\u00e9clat des pierres fines et des pierres pr\u00e9cieuses.<style>\/*! elementor - v3.17.0 - 25-10-2023 *\/&amp;amp;amp;lt;br \/> .elementor-heading-title{padding:0;margin:0;line-height:1}.elementor-widget-heading .elementor-heading-title[class*=elementor-size-]>a{color:inherit;font-size:inherit;line-height:inherit}.elementor-widget-heading .elementor-heading-title.elementor-size-small{font-size:15px}.elementor-widget-heading .elementor-heading-title.elementor-size-medium{font-size:19px}.elementor-widget-heading .elementor-heading-title.elementor-size-large{font-size:29px}.elementor-widget-heading .elementor-heading-title.elementor-size-xl{font-size:39px}.elementor-widget-heading .elementor-heading-title.elementor-size-xxl{font-size:5<\/style><\/p>\n\n\n\n<h2 class=\"wp-block-heading\"><style>9px}<\/style>Mes sources d&rsquo;inspiration<\/h2>\n\n\n\n<p>Le style rocaille fait partie de mes r\u00e9f\u00e9rences, \u00e0 travers d&rsquo;autres domaines que la bijouterie, comme l&rsquo;orf\u00e8vrerie (les mod\u00e8les Meissonnier, la manufacture Germain, Duplessis), mais appliqu\u00e9 \u00e0 des sujets propre aux mythes populaires, aux contes pour enfant, \u00e0 la pop culture, \u00e0 la SF.<\/p>\n\n\n\n<h2 class=\"wp-block-heading\">La technique de la cire perdue<\/h2>\n\n\n\n<p>Une partie des pi\u00e8ces est r\u00e9alis\u00e9e gr\u00e2ce \u00e0 la technique de la cire perdue. Ce proc\u00e9d\u00e9 permet d&rsquo;obtenir des formes souples et fluides que le seul travail de forge et de ciselure ne permet pas. Si les premiers mod\u00e8les ont \u00e9t\u00e9 r\u00e9alis\u00e9s il y a 6000 ans, cette technique a connu une sorte d&rsquo;apog\u00e9e aux 17\u00e8me et 18\u00e8me si\u00e8cles autour d&rsquo;ateliers tr\u00e8s c\u00e9l\u00e8bres comme celui de Thomas Germain, auteurs de motifs organiques d&rsquo;une impressionnante ma\u00eetrise.<\/p>\n<\/div>\n<\/div>\n\n\n\n<div class=\"wp-block-columns is-layout-flex wp-container-core-columns-is-layout-28f84493 wp-block-columns-is-layout-flex\">\n<div class=\"wp-block-column is-layout-flow wp-block-column-is-layout-flow\" style=\"flex-basis:33.33%\">\n<h2 class=\"wp-block-heading\">La glyptique<\/h2>\n\n\n\n<p>Art tr\u00e8s ancien qui s&rsquo;enracine dans les mythes assyriens et \u00e9gyptiens et l&#8217;emploi abondant des phylact\u00e8res grav\u00e9s, la glyptique fait partie int\u00e9grante de mon travail de cr\u00e9ation. Elle consiste \u00e0 mettre en forme par abrasion, \u00e0 l&rsquo;aide de fraises diamant\u00e9es, des pierres dures et pierres fines telles que l&rsquo;agate, la calc\u00e9doine, le jaspe mais aussi, de fa\u00e7on plus large, le corail, la nacre et la noix de tagua.<\/p>\n\n\n\n<p>Dans la premi\u00e8re moiti\u00e9 du XX\u00e8 si\u00e8cle, la noix de tagua (appel\u00e9e aussi corozo) fut abondamment utilis\u00e9e pour la mercerie et la coutellerie. On la trouve aussi dans la tradition des Netsuke, aux c\u00f4t\u00e9s du bambou, du coquillage et de l&rsquo;ivoire, avec lequel la noix de tagua se confond, pour les plus grand plaisir des faussaires. Cette mati\u00e8re extr\u00eamement dure, est aussi tr\u00e8s l\u00e9g\u00e8re, et elle peut \u00eatre peinte ou vernie.<\/p>\n<\/div>\n\n\n\n<div class=\"wp-block-column is-layout-flow wp-block-column-is-layout-flow\" style=\"flex-basis:66.66%\">\n<figure class=\"wp-block-image size-full\"><img loading=\"lazy\" decoding=\"async\" width=\"900\" height=\"596\" src=\"https:\/\/guilmer.com\/wp-content\/uploads\/2023\/11\/Bague-LionDYvain.jpg\" alt=\"\" class=\"wp-image-2044\" title=\"\" srcset=\"https:\/\/guilmer.com\/wp-content\/uploads\/2023\/11\/Bague-LionDYvain.jpg 900w, https:\/\/guilmer.com\/wp-content\/uploads\/2023\/11\/Bague-LionDYvain-768x509.jpg 768w, https:\/\/guilmer.com\/wp-content\/uploads\/2023\/11\/Bague-LionDYvain-18x12.jpg 18w, https:\/\/guilmer.com\/wp-content\/uploads\/2023\/11\/Bague-LionDYvain-800x530.jpg 800w\" sizes=\"auto, (max-width: 900px) 100vw, 900px\" \/><\/figure>\n<\/div>\n<\/div>\n\n\n\n<p><style>\/*! elementor - v3.17.0 - 25-10-2023 *\/&amp;amp;amp;amp;lt;br \/> .elementor-widget-image{text-align:center}.elementor-widget-image a{display:inline-block}.elementor-widget-image a img[src$=\".svg\"]{width:48px}.elementor-widget-image img{vertical-align:middle;display:inline-block}<\/style><\/p>\n\n\n\n<p><style>\/*! elementor - v3.17.0 - 25-10-2023 *\/&amp;amp;amp;amp;amp;amp;amp;amp;amp;amp;amp;amp;amp;amp;lt;br \/> .elementor-image-gallery .gallery-item{display:inline-block;text-align:center;vertical-align:top;width:100%;max-width:100%;margin:0 auto}.elementor-image-gallery .gallery-item img{margin:0 auto}.elementor-image-gallery .gallery-item .gallery-caption{margin:0}.elementor-image-gallery figure img{display:block}.elementor-image-gallery figure figcaption{width:100%}.gallery-spacing-custom .elementor-image-gallery .gallery-icon{padding:0}@media (min-width:768px){.elementor-image-gallery .gallery-columns-2 .gallery-item{max-width:50%}.elementor-image-gallery .gallery-columns-3 .gallery-item{max-width:33.33%}.elementor-image-gallery .gallery-columns-4 .gallery-item{max-width:25%}.elementor-image-gallery .gallery-columns-5 .gallery-item{max-width:20%}.elementor-image-gallery .gallery-columns-6 .gallery-item{max-width:16.666%}.elementor-image-gallery .gallery-columns-7 .gallery-item{max-width:14.28%}.elementor-image-gallery .gallery-columns-8 .gallery-item{max-width:12.5%}.elementor-image-gallery .gallery-columns-9 .gallery-item{max-width:11.11%}.elementor-image-gallery .gallery-columns-10 .gallery-item{max-width:10%}}@media (min-width:480px) and (max-width:767px){.elementor-image-gallery .gallery.gallery-columns-2 .gallery-item,.elementor-image-gallery .gallery.gallery-columns-3 .gallery-item,.elementor-image-gallery .gallery.gallery-columns-4 .gallery-item,.elementor-image-gallery .gallery.gallery-columns-5 .gallery-item,.elementor-image-gallery .gallery.gallery-columns-6 .gallery-item,.elementor-image-gallery .gallery.gallery-columns-7 .gallery-item,.elementor-image-gallery .gallery.gallery-columns-8 .gallery-item,.elementor-image-gallery .gallery.gallery-columns-9 .gallery-item,.elementor-image-gallery .gallery.gallery-columns-10 .gallery-item{max-width:50%}}@media (max-width:479px){.elementor-image-gallery .gallery.gallery-columns-2 .gallery-item,.elementor-image-gallery .gallery.gallery-columns-3 .gallery-item,.elementor-image-gallery .gallery.gallery-columns-4 .gallery-item,.elementor-image-gallery .gallery.gallery-columns-5 .gallery-item,.elementor-image-gallery .gallery.gallery-columns-6 .gallery-item,.elementor-image-gallery .gallery.gallery-columns-7 .gallery-item,.elementor-image-gallery .gallery.gallery-columns-8 .gallery-item,.elementor-image-gallery .gallery.gallery-columns-9 .gallery-item,.elementor-image-gallery .gallery.gallery-columns-10 .gallery-item{max-width:100%}}<\/style><\/p>\n\n\n\n<p><\/p>\n","protected":false},"excerpt":{"rendered":"<p>Mes bijoux sont fabriqu\u00e9s \u00e0 la main de fa\u00e7on traditionnelle. La plupart sont des pi\u00e8ces uniques. Ce sont des bijoux-objets aux forts volumes, des pi\u00e8ces sculpturales alliant la mati\u00e8re g\u00e9n\u00e9reuse de l&rsquo;argent et l&rsquo;\u00e9clat des pierres fines et des pierres pr\u00e9cieuses. Mes sources d&rsquo;inspiration Le style rocaille fait partie de mes r\u00e9f\u00e9rences, \u00e0 travers d&rsquo;autres [&hellip;]<\/p>\n","protected":false},"author":1,"featured_media":0,"parent":0,"menu_order":0,"comment_status":"closed","ping_status":"closed","template":"","meta":{"_acf_changed":false,"site-sidebar-layout":"default","site-content-layout":"","ast-site-content-layout":"default","site-content-style":"default","site-sidebar-style":"default","ast-global-header-display":"","ast-banner-title-visibility":"","ast-main-header-display":"","ast-hfb-above-header-display":"","ast-hfb-below-header-display":"","ast-hfb-mobile-header-display":"","site-post-title":"","ast-breadcrumbs-content":"","ast-featured-img":"","footer-sml-layout":"","ast-disable-related-posts":"","theme-transparent-header-meta":"","adv-header-id-meta":"","stick-header-meta":"","header-above-stick-meta":"","header-main-stick-meta":"","header-below-stick-meta":"","astra-migrate-meta-layouts":"default","ast-page-background-enabled":"default","ast-page-background-meta":{"desktop":{"background-color":"var(--ast-global-color-4)","background-image":"","background-repeat":"repeat","background-position":"center center","background-size":"auto","background-attachment":"scroll","background-type":"","background-media":"","overlay-type":"","overlay-color":"","overlay-opacity":"","overlay-gradient":""},"tablet":{"background-color":"","background-image":"","background-repeat":"repeat","background-position":"center center","background-size":"auto","background-attachment":"scroll","background-type":"","background-media":"","overlay-type":"","overlay-color":"","overlay-opacity":"","overlay-gradient":""},"mobile":{"background-color":"","background-image":"","background-repeat":"repeat","background-position":"center center","background-size":"auto","background-attachment":"scroll","background-type":"","background-media":"","overlay-type":"","overlay-color":"","overlay-opacity":"","overlay-gradient":""}},"ast-content-background-meta":{"desktop":{"background-color":"var(--ast-global-color-5)","background-image":"","background-repeat":"repeat","background-position":"center center","background-size":"auto","background-attachment":"scroll","background-type":"","background-media":"","overlay-type":"","overlay-color":"","overlay-opacity":"","overlay-gradient":""},"tablet":{"background-color":"var(--ast-global-color-5)","background-image":"","background-repeat":"repeat","background-position":"center center","background-size":"auto","background-attachment":"scroll","background-type":"","background-media":"","overlay-type":"","overlay-color":"","overlay-opacity":"","overlay-gradient":""},"mobile":{"background-color":"var(--ast-global-color-5)","background-image":"","background-repeat":"repeat","background-position":"center center","background-size":"auto","background-attachment":"scroll","background-type":"","background-media":"","overlay-type":"","overlay-color":"","overlay-opacity":"","overlay-gradient":""}},"footnotes":""},"class_list":["post-1310","page","type-page","status-publish","hentry"],"acf":[],"_links":{"self":[{"href":"https:\/\/guilmer.com\/en\/wp-json\/wp\/v2\/pages\/1310","targetHints":{"allow":["GET"]}}],"collection":[{"href":"https:\/\/guilmer.com\/en\/wp-json\/wp\/v2\/pages"}],"about":[{"href":"https:\/\/guilmer.com\/en\/wp-json\/wp\/v2\/types\/page"}],"author":[{"embeddable":true,"href":"https:\/\/guilmer.com\/en\/wp-json\/wp\/v2\/users\/1"}],"replies":[{"embeddable":true,"href":"https:\/\/guilmer.com\/en\/wp-json\/wp\/v2\/comments?post=1310"}],"version-history":[{"count":57,"href":"https:\/\/guilmer.com\/en\/wp-json\/wp\/v2\/pages\/1310\/revisions"}],"predecessor-version":[{"id":2868,"href":"https:\/\/guilmer.com\/en\/wp-json\/wp\/v2\/pages\/1310\/revisions\/2868"}],"wp:attachment":[{"href":"https:\/\/guilmer.com\/en\/wp-json\/wp\/v2\/media?parent=1310"}],"curies":[{"name":"wp","href":"https:\/\/api.w.org\/{rel}","templated":true}]}}